{"id":54,"date":"2013-08-18T22:23:51","date_gmt":"2013-08-18T22:23:51","guid":{"rendered":"http:\/\/www.davulciyan.com\/?page_id=54"},"modified":"2013-08-24T09:58:24","modified_gmt":"2013-08-24T09:58:24","slug":"kimdir","status":"publish","type":"page","link":"https:\/\/www.davulciyan.com\/?page_id=54","title":{"rendered":"Kimdir ?"},"content":{"rendered":"<p><em>1992 Y\u0131l\u0131nda Korist bir Anne ve Babadan d\u00fcnyaya geldi. Annesi ve babas\u0131 sayesinde daha \u00e7ok k\u00fc\u00e7\u00fck ya\u015flarda kilise korolar\u0131 ve \u00e7e\u015fitli sanatsal etkinliklerin i\u00e7erisinde buldu kendini. M\u00fczi\u011fe bir \u00e7ekili\u015fte kazand\u0131\u011f\u0131 org sayesinde ba\u015flad\u0131. 9-10 Ya\u015flar\u0131nda s\u0131ras\u0131 ile Art\u00fcr Ba\u011fdasaryan dan Piyano , BASAD\u2019 da Edvin Galipo\u011flundan piyano ve daha sonra \u00f6zel olarak bir d\u00f6nem Edvin Galipo\u011flu&#8217;ndan Solfej ve Piyano Derslerine devam etti. Farkl\u0131 m\u00fczik t\u00fcrlerine de ilgi duymaya ba\u015flayan Harutyun Davulciyan&#8217;n\u0131n ilk \u00e7al\u0131\u015fmas\u0131 s\u00f6z ve m\u00fczi\u011finin kendine ait olan bir rap par\u00e7as\u0131yd\u0131. Daha sonra ilgi duydu\u011fu m\u00fczik dallar\u0131n\u0131 geni\u015fleten Harutyun Arto Davulciyan DJ&#8217;li\u011fe (DiscJokey) merak sard\u0131. 15 Ya\u015f\u0131ndan itibaren amat\u00f6r olarak internet radyolar\u0131nda yay\u0131n yapmaya ba\u015flad\u0131. Bu d\u00f6nemde m\u00fczik altyap\u0131lar\u0131 , \u015fark\u0131 s\u00f6zleri ve ilgisini s\u00fcrd\u00fcrd\u00fc\u011f\u00fc rap m\u00fczik \u00e7al\u0131\u015fmalar\u0131na devam etti. Ayn\u0131 d\u00f6nemlerde yine k\u00fc\u00e7\u00fck ya\u015fta ba\u015flad\u0131\u011f\u0131 Tiyatro ve dansa ilgisini s\u00fcrd\u00fcrd\u00fc. Lise D\u00f6neminde Bir \u00e7ok daldaki yar\u0131\u015fmalarda ald\u0131\u011f\u0131 iyi dereceler ile sanatsal y\u00f6n\u00fcyle dikkat \u00e7eken Harutyun Ermeni cemaati&#8217;nin en iyi dans gruplar\u0131ndan biri olan &#8220;Maral M\u00fczik Ve Dans Toplulu\u011fu&#8221;na kat\u0131ld\u0131.(www.maraldans.org ;Esayan okulundan yeti\u015fenler derne\u011fi b\u00fcnyesinde bulunan &#8220;Maral M\u00fczik Ve Dans Toplulu\u011fu&#8221;) Bu s\u0131ralarda \u00c7e\u015fitli Dernek ,Okul ve \u00f6zel organizasyonlarda ; Organizasyon , Ses ve I\u015f\u0131k Tasar\u0131m\u0131 ve DJlik yapmaya ba\u015flad\u0131. 2008 y\u0131l\u0131nda ilk ad\u0131mlar\u0131 at\u0131lan RadioArarat.net Projesini bir ka\u00e7 arkada\u015f\u0131 ile ba\u015flatt\u0131. RadioArarat \u015eu zamana kadar \u00e7e\u015fitli d\u00f6nemlerde Deneme yay\u0131nlar\u0131 yapt\u0131. 2009 K\u0131\u015f d\u00f6neminde 4 ay boyunca aral\u0131ks\u0131z bir deneme yay\u0131n\u0131n\u0131 b\u00fcy\u00fck bir destek ve hayran kitlesi ile tamamlayan RadioArarat yay\u0131n\u0131na 2012 y\u0131l\u0131 itibari ile ara vermi\u015ftir. Harutyun Arto Davulciyan 2008 Yaz\u0131nda \u0130lk Remix Seti ile kars\u0131m\u0131za DJartOlive olarak \u00c7\u0131kt\u0131. \u00a02009 y\u0131l\u0131ndan itibaren Foto\u011fraf ve Sinemaya ilgi duymaya ba\u015flayan Harutyun Davulciyan bir\u00e7ok k\u0131sa metraj filmde Y\u00f6netmen, G\u00f6r\u00fcnt\u00fc Y\u00f6netmeni, Kurgu veya oyuncu olarak yer ald\u0131. Tutturamayanlar isimli Uzun Metraj filmin Marmaris \u00c7ekimlerinin ve \u0130stanbul \u00c7ekimlerinin bir k\u0131sm\u0131n\u0131n Set amirli\u011fini \u00fcstlendi. E\u011fitimine Bah\u00e7e\u015fehir \u00dcniversitesi Sinema TV B\u00f6l\u00fcm\u00fcnde devam eden Harutyun Davulciyan ayn\u0131 zamanda bir d\u00f6nem Bah\u00e7e\u015fehir \u00dcniversitesi Televizyonu&#8217;nun Y\u00f6netici ve Y\u00f6netmenli\u011fini \u00fcstlendi ( www.Bau-t.com ). 2012 Haziran ay\u0131ndan itibaren de Mu-Yap\u0131m ekibi ile birlikte sekt\u00f6rel \u00e7al\u0131\u015fmalarda reji g\u00f6revlerini \u00fcstlenen Harutyun Arto Davulciyan, 2012 Ekim ay\u0131ndan itibaren TV212 ve POSTA212 de s\u0131ras\u0131 ile proje y\u00f6neticisi ekip y\u00f6netimi ve sosyal y\u00f6netim g\u00f6revlerini devr ald\u0131. Ayn\u0131 zamanda &#8220;360 derece sanat&#8221; anlay\u0131\u015f\u0131n\u0131 benimseyen 3 100 60 ekibi ile prod\u00fcksiyon hizmeti vermeye devam ediyor<\/em><\/p>\n<p><em><br \/>\nHARUTYUN ARTO DAVULCIYAN \u00a0CV :\u00a0<a href=\"http:\/\/www.davulciyan.com\/CV_Harutyun_Arto_Davulciyan.pdf\">http:\/\/www.davulciyan.com\/CV_Harutyun_Arto_Davulciyan.pdf<\/a><\/em><br \/>\n<em><br \/>\nDJartOlive Website : www.djartolive.com<\/em><\/p>\n","protected":false},"excerpt":{"rendered":"<p>1992 Y\u0131l\u0131nda Korist bir Anne ve Babadan d\u00fcnyaya geldi. Annesi ve babas\u0131 sayesinde daha \u00e7ok k\u00fc\u00e7\u00fck ya\u015flarda kilise korolar\u0131 ve \u00e7e\u015fitli sanatsal etkinliklerin i\u00e7erisinde buldu [&hellip;]<\/p>\n","protected":false},"author":1,"featured_media":0,"parent":0,"menu_order":0,"comment_status":"open","ping_status":"open","template":"","meta":{"footnotes":""},"yoast_head":"<!-- This site is optimized with the Yoast SEO plugin v21.9.1 - https:\/\/yoast.com\/wordpress\/plugins\/seo\/ -->\n<title>Kimdir ?  - Harutyun Arto Davulciyan<\/title>\n<meta name=\"robots\" content=\"index, follow, max-snippet:-1, max-image-preview:large, max-video-preview:-1\" \/>\n<link rel=\"canonical\" href=\"https:\/\/www.davulciyan.com\/?page_id=54\" \/>\n<meta name=\"twitter:card\" content=\"summary_large_image\" \/>\n<meta name=\"twitter:title\" content=\"Kimdir ?  - Harutyun Arto Davulciyan\" \/>\n<meta name=\"twitter:description\" content=\"1992 Y\u0131l\u0131nda Korist bir Anne ve Babadan d\u00fcnyaya geldi. Annesi ve babas\u0131 sayesinde daha \u00e7ok k\u00fc\u00e7\u00fck ya\u015flarda kilise korolar\u0131 ve \u00e7e\u015fitli sanatsal etkinliklerin i\u00e7erisinde buldu [&hellip;]\" \/>\n<meta name=\"twitter:label1\" content=\"Tahmini okuma s\u00fcresi\" \/>\n\t<meta name=\"twitter:data1\" content=\"3 dakika\" \/>\n<script type=\"application\/ld+json\" class=\"yoast-schema-graph\">{\"@context\":\"https:\/\/schema.org\",\"@graph\":[{\"@type\":\"WebPage\",\"@id\":\"https:\/\/www.davulciyan.com\/?page_id=54\",\"url\":\"https:\/\/www.davulciyan.com\/?page_id=54\",\"name\":\"Kimdir ? - Harutyun Arto Davulciyan\",\"isPartOf\":{\"@id\":\"https:\/\/www.davulciyan.com\/#website\"},\"datePublished\":\"2013-08-18T22:23:51+00:00\",\"dateModified\":\"2013-08-24T09:58:24+00:00\",\"breadcrumb\":{\"@id\":\"https:\/\/www.davulciyan.com\/?page_id=54#breadcrumb\"},\"inLanguage\":\"tr\",\"potentialAction\":[{\"@type\":\"ReadAction\",\"target\":[\"https:\/\/www.davulciyan.com\/?page_id=54\"]}]},{\"@type\":\"BreadcrumbList\",\"@id\":\"https:\/\/www.davulciyan.com\/?page_id=54#breadcrumb\",\"itemListElement\":[{\"@type\":\"ListItem\",\"position\":1,\"name\":\"Home\",\"item\":\"https:\/\/www.davulciyan.com\/\"},{\"@type\":\"ListItem\",\"position\":2,\"name\":\"Kimdir ?\"}]},{\"@type\":\"WebSite\",\"@id\":\"https:\/\/www.davulciyan.com\/#website\",\"url\":\"https:\/\/www.davulciyan.com\/\",\"name\":\"Harutyun Arto Davulciyan\",\"description\":\"Ki\u015fisel Blog\",\"potentialAction\":[{\"@type\":\"SearchAction\",\"target\":{\"@type\":\"EntryPoint\",\"urlTemplate\":\"https:\/\/www.davulciyan.com\/?s={search_term_string}\"},\"query-input\":\"required name=search_term_string\"}],\"inLanguage\":\"tr\"}]}<\/script>\n<!-- \/ Yoast SEO plugin. -->","yoast_head_json":{"title":"Kimdir ?  - Harutyun Arto Davulciyan","robots":{"index":"index","follow":"follow","max-snippet":"max-snippet:-1","max-image-preview":"max-image-preview:large","max-video-preview":"max-video-preview:-1"},"canonical":"https:\/\/www.davulciyan.com\/?page_id=54","twitter_card":"summary_large_image","twitter_title":"Kimdir ?  - Harutyun Arto Davulciyan","twitter_description":"1992 Y\u0131l\u0131nda Korist bir Anne ve Babadan d\u00fcnyaya geldi. Annesi ve babas\u0131 sayesinde daha \u00e7ok k\u00fc\u00e7\u00fck ya\u015flarda kilise korolar\u0131 ve \u00e7e\u015fitli sanatsal etkinliklerin i\u00e7erisinde buldu [&hellip;]","twitter_misc":{"Tahmini okuma s\u00fcresi":"3 dakika"},"schema":{"@context":"https:\/\/schema.org","@graph":[{"@type":"WebPage","@id":"https:\/\/www.davulciyan.com\/?page_id=54","url":"https:\/\/www.davulciyan.com\/?page_id=54","name":"Kimdir ? - Harutyun Arto Davulciyan","isPartOf":{"@id":"https:\/\/www.davulciyan.com\/#website"},"datePublished":"2013-08-18T22:23:51+00:00","dateModified":"2013-08-24T09:58:24+00:00","breadcrumb":{"@id":"https:\/\/www.davulciyan.com\/?page_id=54#breadcrumb"},"inLanguage":"tr","potentialAction":[{"@type":"ReadAction","target":["https:\/\/www.davulciyan.com\/?page_id=54"]}]},{"@type":"BreadcrumbList","@id":"https:\/\/www.davulciyan.com\/?page_id=54#breadcrumb","itemListElement":[{"@type":"ListItem","position":1,"name":"Home","item":"https:\/\/www.davulciyan.com\/"},{"@type":"ListItem","position":2,"name":"Kimdir ?"}]},{"@type":"WebSite","@id":"https:\/\/www.davulciyan.com\/#website","url":"https:\/\/www.davulciyan.com\/","name":"Harutyun Arto Davulciyan","description":"Ki\u015fisel Blog","potentialAction":[{"@type":"SearchAction","target":{"@type":"EntryPoint","urlTemplate":"https:\/\/www.davulciyan.com\/?s={search_term_string}"},"query-input":"required name=search_term_string"}],"inLanguage":"tr"}]}},"_links":{"self":[{"href":"https:\/\/www.davulciyan.com\/index.php?rest_route=\/wp\/v2\/pages\/54"}],"collection":[{"href":"https:\/\/www.davulciyan.com\/index.php?rest_route=\/wp\/v2\/pages"}],"about":[{"href":"https:\/\/www.davulciyan.com\/index.php?rest_route=\/wp\/v2\/types\/page"}],"author":[{"embeddable":true,"href":"https:\/\/www.davulciyan.com\/index.php?rest_route=\/wp\/v2\/users\/1"}],"replies":[{"embeddable":true,"href":"https:\/\/www.davulciyan.com\/index.php?rest_route=%2Fwp%2Fv2%2Fcomments&post=54"}],"version-history":[{"count":4,"href":"https:\/\/www.davulciyan.com\/index.php?rest_route=\/wp\/v2\/pages\/54\/revisions"}],"predecessor-version":[{"id":121,"href":"https:\/\/www.davulciyan.com\/index.php?rest_route=\/wp\/v2\/pages\/54\/revisions\/121"}],"wp:attachment":[{"href":"https:\/\/www.davulciyan.com\/index.php?rest_route=%2Fwp%2Fv2%2Fmedia&parent=54"}],"curies":[{"name":"wp","href":"https:\/\/api.w.org\/{rel}","templated":true}]}}