{"id":2,"date":"2013-03-14T11:59:11","date_gmt":"2013-03-14T11:59:11","guid":{"rendered":"http:\/\/www.davulciyan.com\/?page_id=2"},"modified":"2017-07-03T14:53:05","modified_gmt":"2017-07-03T14:53:05","slug":"ornek-sayfa","status":"publish","type":"page","link":"https:\/\/www.davulciyan.com\/","title":{"rendered":"Home"},"content":{"rendered":"<p><script async src=\"\/\/pagead2.googlesyndication.com\/pagead\/js\/adsbygoogle.js\"><\/script><br \/>\n<script>\n  (adsbygoogle = window.adsbygoogle || []).push({\n    google_ad_client: \"ca-pub-3701421885126774\",\n    enable_page_level_ads: true\n  });\n<\/script><\/p>\n<p>1992 Y\u0131l\u0131nda Korist bir Anne ve Babadan d\u00fcnyaya geldi. Annesi ve babas\u0131 sayesinde daha \u00e7ok k\u00fc\u00e7\u00fck ya\u015flarda kilise korolar\u0131 ve \u00e7e\u015fitli sanatsal etkinliklerin i\u00e7ersinde buldu kendini. M\u00fczi\u011fe bir \u00e7ekili\u015fte kazand\u0131\u011f\u0131 org sayesinde ba\u015flad\u0131. 9-10 Ya\u015flar\u0131nda s\u0131ras\u0131 ile Art\u00fcr Ba\u011fdasaryan&#8217;dan Piyano , BASAD\u2019 da Edvin Galipo\u011flu&#8217;ndan piyano ve daha sonra \u00f6zel olarak bir d\u00f6nem Edvin Galipo\u011flu&#8217;ndan Solfej ve Piyano Derslerine devam etti. Farkl\u0131 m\u00fczik t\u00fcrlerine de ilgi duymaya ba\u015flayan Harutyun Davulciyan&#8217;n\u0131n ilk \u00e7al\u0131\u015fmas\u0131 s\u00f6z ve m\u00fczi\u011finin kendine ait olan bir rap par\u00e7as\u0131yd\u0131. Daha sonra ilgi duydu\u011fu m\u00fczik dallar\u0131n\u0131 geni\u015fleten Harutyun Arto Davulciyan DJ&#8217;li\u011fe (DiscJokey) merak sard\u0131. 15 Ya\u015f\u0131ndan itibaren amat\u00f6r olarak\u00a0\u0130nternet\u00a0radyolar\u0131nda yay\u0131n yapmaya ba\u015flad\u0131. Bu d\u00f6nemde m\u00fczik altyap\u0131lar\u0131 , \u015fark\u0131 s\u00f6zleri ve ilgisini s\u00fcrd\u00fcrd\u00fc\u011f\u00fc rap m\u00fczik \u00e7al\u0131\u015fmalar\u0131na devam etti. Ayn\u0131 d\u00f6nemlerde yine k\u00fc\u00e7\u00fck ya\u015fta ba\u015flad\u0131\u011f\u0131 Tiyatro ve dansa ilgisini s\u00fcrd\u00fcrd\u00fc. Ayn\u0131 zamanda \u015fiir ve \u015fark\u0131 s\u00f6z\u00fc yazan Harutyun \u0130stanbul \u0130lk\u00f6\u011fretim okullar\u0131 aras\u0131nda \u015eiir Okuma 2.li\u011fi elde etti. Lise D\u00f6neminde Bir \u00e7ok daldaki yar\u0131\u015fmalarda ald\u0131\u011f\u0131 iyi dereceler ile sanatsal y\u00f6n\u00fcyle dikkat \u00e7eken Harutyun Ermeni\u00a0cemaatinin\u00a0en iyi dans gruplar\u0131ndan biri olan &#8220;Maral M\u00fczik Ve Dans Toplulu\u011fu&#8221;na kat\u0131ld\u0131.(www.maraldans.org ;Esayan okulundan yeti\u015fenler derne\u011fi b\u00fcnyesinde bulunan &#8220;Maral M\u00fczik Ve Dans Toplulu\u011fu&#8221;) Bu s\u0131ralarda \u00e7e\u015fitli dernek ,Okul ve \u00f6zel organizasyonlarda ; Organizasyon , Ses ve I\u015f\u0131k Tasar\u0131m\u0131 ve DJlik yapmaya ba\u015flad\u0131. 2008 y\u0131l\u0131nda ilk ad\u0131mlar\u0131 at\u0131lan RadioArarat.net Projesini bir ka\u00e7 arkada\u015f\u0131 ile ba\u015flatt\u0131. \u00a0Harutyun Arto Davulciyan 2008 Yaz\u0131nda \u0130lk Remix Seti ile kars\u0131m\u0131za DJartOlive olarak \u00c7\u0131kt\u0131. Amat\u00f6r m\u00fczisyenlere aranje , remix , m\u00fczik altyap\u0131s\u0131 ve organizasyonlarda canl\u0131 m\u00fczi yapt\u0131. 2009 y\u0131l\u0131ndan itibaren foto\u011fraf ve sinemaya ilgi duymaya ba\u015flayan Harutyun Davulciyan bir\u00e7ok k\u0131sa metraj filmde y\u00f6netmen, g\u00f6r\u00fcnt\u00fc y\u00f6netmeni, kurgu veya oyuncu olarak yer ald\u0131. Tutturamayanlar isimli uzun metraj filmin&#8217;in Marmaris \u00e7ekimlerinin ve \u0130stanbul \u00e7ekimlerinin bir k\u0131sm\u0131n\u0131n set amirli\u011fini \u00fcstlendi. E\u011fitimine Bah\u00e7e\u015fehir \u00dcniversitesi Sinema TV B\u00f6l\u00fcm\u00fcnde devam eden Harutyun Davulciyan ayn\u0131 zamanda Bah\u00e7e\u015fehir \u00dcniversitesi\u00a0Televizyonunun\u00a0Y\u00f6netici ve Y\u00f6netmenli\u011fini \u00fcstlendi. ( www.Bau-t.com ). 2012 Yaz\u0131nda Mu Production&#8217;da sekt\u00f6r a\u011f\u0131rl\u0131kl\u0131 olmak \u00fczere kurgu ve y\u00f6netmen yard\u0131mc\u0131l\u0131\u011f\u0131 yapan Harutyun Arto Davulciyan bir s\u00fcredir kendi kurdu\u011fu ve y\u00f6neticili\u011fi yapt\u0131\u011f\u0131 24Creative grubu ile \u00e7al\u0131\u015fmalar\u0131na devam etmekte ( www.24c.tv )<\/p>\n<p>Ayr\u0131nt\u0131l\u0131 CV : <a title=\"CV Download Link\" href=\"http:\/\/www.davulciyan.com\/CV_Harutyun_Arto_Davulciyan.pdf \">Harutyun Arto Davulciyan &#8211; CV \u00a0 \u00a0 \u00a0 (Download Link)<\/a><\/p>\n","protected":false},"excerpt":{"rendered":"<p>1992 Y\u0131l\u0131nda Korist bir Anne ve Babadan d\u00fcnyaya geldi. Annesi ve babas\u0131 sayesinde daha \u00e7ok k\u00fc\u00e7\u00fck ya\u015flarda kilise korolar\u0131 ve \u00e7e\u015fitli sanatsal etkinliklerin i\u00e7ersinde buldu [&hellip;]<\/p>\n","protected":false},"author":1,"featured_media":0,"parent":0,"menu_order":0,"comment_status":"open","ping_status":"open","template":"template-slider.php","meta":{"footnotes":""},"yoast_head":"<!-- This site is optimized with the Yoast SEO plugin v21.9.1 - https:\/\/yoast.com\/wordpress\/plugins\/seo\/ -->\n<title>Home - Harutyun Arto Davulciyan<\/title>\n<meta name=\"robots\" content=\"index, follow, max-snippet:-1, max-image-preview:large, max-video-preview:-1\" \/>\n<link rel=\"canonical\" href=\"https:\/\/www.davulciyan.com\/\" \/>\n<meta name=\"twitter:card\" content=\"summary_large_image\" \/>\n<meta name=\"twitter:title\" content=\"Home - Harutyun Arto Davulciyan\" \/>\n<meta name=\"twitter:description\" content=\"1992 Y\u0131l\u0131nda Korist bir Anne ve Babadan d\u00fcnyaya geldi. Annesi ve babas\u0131 sayesinde daha \u00e7ok k\u00fc\u00e7\u00fck ya\u015flarda kilise korolar\u0131 ve \u00e7e\u015fitli sanatsal etkinliklerin i\u00e7ersinde buldu [&hellip;]\" \/>\n<meta name=\"twitter:label1\" content=\"Tahmini okuma s\u00fcresi\" \/>\n\t<meta name=\"twitter:data1\" content=\"2 dakika\" \/>\n<script type=\"application\/ld+json\" class=\"yoast-schema-graph\">{\"@context\":\"https:\/\/schema.org\",\"@graph\":[{\"@type\":\"WebPage\",\"@id\":\"https:\/\/www.davulciyan.com\/\",\"url\":\"https:\/\/www.davulciyan.com\/\",\"name\":\"Home - Harutyun Arto Davulciyan\",\"isPartOf\":{\"@id\":\"https:\/\/www.davulciyan.com\/#website\"},\"datePublished\":\"2013-03-14T11:59:11+00:00\",\"dateModified\":\"2017-07-03T14:53:05+00:00\",\"breadcrumb\":{\"@id\":\"https:\/\/www.davulciyan.com\/#breadcrumb\"},\"inLanguage\":\"tr\",\"potentialAction\":[{\"@type\":\"ReadAction\",\"target\":[\"https:\/\/www.davulciyan.com\/\"]}]},{\"@type\":\"BreadcrumbList\",\"@id\":\"https:\/\/www.davulciyan.com\/#breadcrumb\",\"itemListElement\":[{\"@type\":\"ListItem\",\"position\":1,\"name\":\"Home\",\"item\":\"https:\/\/www.davulciyan.com\/\"},{\"@type\":\"ListItem\",\"position\":2,\"name\":\"Home\"}]},{\"@type\":\"WebSite\",\"@id\":\"https:\/\/www.davulciyan.com\/#website\",\"url\":\"https:\/\/www.davulciyan.com\/\",\"name\":\"Harutyun Arto Davulciyan\",\"description\":\"Ki\u015fisel Blog\",\"potentialAction\":[{\"@type\":\"SearchAction\",\"target\":{\"@type\":\"EntryPoint\",\"urlTemplate\":\"https:\/\/www.davulciyan.com\/?s={search_term_string}\"},\"query-input\":\"required name=search_term_string\"}],\"inLanguage\":\"tr\"}]}<\/script>\n<!-- \/ Yoast SEO plugin. -->","yoast_head_json":{"title":"Home - Harutyun Arto Davulciyan","robots":{"index":"index","follow":"follow","max-snippet":"max-snippet:-1","max-image-preview":"max-image-preview:large","max-video-preview":"max-video-preview:-1"},"canonical":"https:\/\/www.davulciyan.com\/","twitter_card":"summary_large_image","twitter_title":"Home - Harutyun Arto Davulciyan","twitter_description":"1992 Y\u0131l\u0131nda Korist bir Anne ve Babadan d\u00fcnyaya geldi. Annesi ve babas\u0131 sayesinde daha \u00e7ok k\u00fc\u00e7\u00fck ya\u015flarda kilise korolar\u0131 ve \u00e7e\u015fitli sanatsal etkinliklerin i\u00e7ersinde buldu [&hellip;]","twitter_misc":{"Tahmini okuma s\u00fcresi":"2 dakika"},"schema":{"@context":"https:\/\/schema.org","@graph":[{"@type":"WebPage","@id":"https:\/\/www.davulciyan.com\/","url":"https:\/\/www.davulciyan.com\/","name":"Home - Harutyun Arto Davulciyan","isPartOf":{"@id":"https:\/\/www.davulciyan.com\/#website"},"datePublished":"2013-03-14T11:59:11+00:00","dateModified":"2017-07-03T14:53:05+00:00","breadcrumb":{"@id":"https:\/\/www.davulciyan.com\/#breadcrumb"},"inLanguage":"tr","potentialAction":[{"@type":"ReadAction","target":["https:\/\/www.davulciyan.com\/"]}]},{"@type":"BreadcrumbList","@id":"https:\/\/www.davulciyan.com\/#breadcrumb","itemListElement":[{"@type":"ListItem","position":1,"name":"Home","item":"https:\/\/www.davulciyan.com\/"},{"@type":"ListItem","position":2,"name":"Home"}]},{"@type":"WebSite","@id":"https:\/\/www.davulciyan.com\/#website","url":"https:\/\/www.davulciyan.com\/","name":"Harutyun Arto Davulciyan","description":"Ki\u015fisel Blog","potentialAction":[{"@type":"SearchAction","target":{"@type":"EntryPoint","urlTemplate":"https:\/\/www.davulciyan.com\/?s={search_term_string}"},"query-input":"required name=search_term_string"}],"inLanguage":"tr"}]}},"_links":{"self":[{"href":"https:\/\/www.davulciyan.com\/index.php?rest_route=\/wp\/v2\/pages\/2"}],"collection":[{"href":"https:\/\/www.davulciyan.com\/index.php?rest_route=\/wp\/v2\/pages"}],"about":[{"href":"https:\/\/www.davulciyan.com\/index.php?rest_route=\/wp\/v2\/types\/page"}],"author":[{"embeddable":true,"href":"https:\/\/www.davulciyan.com\/index.php?rest_route=\/wp\/v2\/users\/1"}],"replies":[{"embeddable":true,"href":"https:\/\/www.davulciyan.com\/index.php?rest_route=%2Fwp%2Fv2%2Fcomments&post=2"}],"version-history":[{"count":7,"href":"https:\/\/www.davulciyan.com\/index.php?rest_route=\/wp\/v2\/pages\/2\/revisions"}],"predecessor-version":[{"id":137,"href":"https:\/\/www.davulciyan.com\/index.php?rest_route=\/wp\/v2\/pages\/2\/revisions\/137"}],"wp:attachment":[{"href":"https:\/\/www.davulciyan.com\/index.php?rest_route=%2Fwp%2Fv2%2Fmedia&parent=2"}],"curies":[{"name":"wp","href":"https:\/\/api.w.org\/{rel}","templated":true}]}}