{"id":122,"date":"2013-08-24T10:02:08","date_gmt":"2013-08-24T10:02:08","guid":{"rendered":"http:\/\/www.davulciyan.com\/?page_id=122"},"modified":"2013-08-24T10:02:08","modified_gmt":"2013-08-24T10:02:08","slug":"iletisim","status":"publish","type":"page","link":"https:\/\/www.davulciyan.com\/?page_id=122","title":{"rendered":"\u0130LET\u0130S\u0130M"},"content":{"rendered":"<p>Merhaba ,<br \/>\nBen Harutyun Arto Davulciyan, men\u00fcdeki ikonlar dan \u00e7e\u015fitli platformlardaki profillerime ula\u015fabilir veya buradan mesaj b\u0131rakabilirsiniz.<br \/>\nMail atmak isterseniz arto[at]davulciyan.com<\/p>\n","protected":false},"excerpt":{"rendered":"<p>Merhaba , Ben Harutyun Arto Davulciyan, men\u00fcdeki ikonlar dan \u00e7e\u015fitli platformlardaki profillerime ula\u015fabilir veya buradan mesaj b\u0131rakabilirsiniz. Mail atmak isterseniz arto[at]davulciyan.com<\/p>\n","protected":false},"author":1,"featured_media":0,"parent":0,"menu_order":0,"comment_status":"open","ping_status":"open","template":"template-contact.php","meta":{"footnotes":""},"yoast_head":"<!-- This site is optimized with the Yoast SEO plugin v21.9.1 - https:\/\/yoast.com\/wordpress\/plugins\/seo\/ -->\n<title>\u0130LET\u0130S\u0130M - Harutyun Arto Davulciyan<\/title>\n<meta name=\"robots\" content=\"index, follow, max-snippet:-1, max-image-preview:large, max-video-preview:-1\" \/>\n<link rel=\"canonical\" href=\"https:\/\/www.davulciyan.com\/?page_id=122\" \/>\n<meta name=\"twitter:card\" content=\"summary_large_image\" \/>\n<meta name=\"twitter:title\" content=\"\u0130LET\u0130S\u0130M - Harutyun Arto Davulciyan\" \/>\n<meta name=\"twitter:description\" content=\"Merhaba , Ben Harutyun Arto Davulciyan, men\u00fcdeki ikonlar dan \u00e7e\u015fitli platformlardaki profillerime ula\u015fabilir veya buradan mesaj b\u0131rakabilirsiniz. Mail atmak isterseniz arto[at]davulciyan.com\" \/>\n<script type=\"application\/ld+json\" class=\"yoast-schema-graph\">{\"@context\":\"https:\/\/schema.org\",\"@graph\":[{\"@type\":\"WebPage\",\"@id\":\"https:\/\/www.davulciyan.com\/?page_id=122\",\"url\":\"https:\/\/www.davulciyan.com\/?page_id=122\",\"name\":\"\u0130LET\u0130S\u0130M - Harutyun Arto Davulciyan\",\"isPartOf\":{\"@id\":\"https:\/\/www.davulciyan.com\/#website\"},\"datePublished\":\"2013-08-24T10:02:08+00:00\",\"dateModified\":\"2013-08-24T10:02:08+00:00\",\"breadcrumb\":{\"@id\":\"https:\/\/www.davulciyan.com\/?page_id=122#breadcrumb\"},\"inLanguage\":\"tr\",\"potentialAction\":[{\"@type\":\"ReadAction\",\"target\":[\"https:\/\/www.davulciyan.com\/?page_id=122\"]}]},{\"@type\":\"BreadcrumbList\",\"@id\":\"https:\/\/www.davulciyan.com\/?page_id=122#breadcrumb\",\"itemListElement\":[{\"@type\":\"ListItem\",\"position\":1,\"name\":\"Home\",\"item\":\"https:\/\/www.davulciyan.com\/\"},{\"@type\":\"ListItem\",\"position\":2,\"name\":\"\u0130LET\u0130S\u0130M\"}]},{\"@type\":\"WebSite\",\"@id\":\"https:\/\/www.davulciyan.com\/#website\",\"url\":\"https:\/\/www.davulciyan.com\/\",\"name\":\"Harutyun Arto Davulciyan\",\"description\":\"Ki\u015fisel Blog\",\"potentialAction\":[{\"@type\":\"SearchAction\",\"target\":{\"@type\":\"EntryPoint\",\"urlTemplate\":\"https:\/\/www.davulciyan.com\/?s={search_term_string}\"},\"query-input\":\"required name=search_term_string\"}],\"inLanguage\":\"tr\"}]}<\/script>\n<!-- \/ Yoast SEO plugin. -->","yoast_head_json":{"title":"\u0130LET\u0130S\u0130M - Harutyun Arto Davulciyan","robots":{"index":"index","follow":"follow","max-snippet":"max-snippet:-1","max-image-preview":"max-image-preview:large","max-video-preview":"max-video-preview:-1"},"canonical":"https:\/\/www.davulciyan.com\/?page_id=122","twitter_card":"summary_large_image","twitter_title":"\u0130LET\u0130S\u0130M - Harutyun Arto Davulciyan","twitter_description":"Merhaba , Ben Harutyun Arto Davulciyan, men\u00fcdeki ikonlar dan \u00e7e\u015fitli platformlardaki profillerime ula\u015fabilir veya buradan mesaj b\u0131rakabilirsiniz. Mail atmak isterseniz arto[at]davulciyan.com","schema":{"@context":"https:\/\/schema.org","@graph":[{"@type":"WebPage","@id":"https:\/\/www.davulciyan.com\/?page_id=122","url":"https:\/\/www.davulciyan.com\/?page_id=122","name":"\u0130LET\u0130S\u0130M - Harutyun Arto Davulciyan","isPartOf":{"@id":"https:\/\/www.davulciyan.com\/#website"},"datePublished":"2013-08-24T10:02:08+00:00","dateModified":"2013-08-24T10:02:08+00:00","breadcrumb":{"@id":"https:\/\/www.davulciyan.com\/?page_id=122#breadcrumb"},"inLanguage":"tr","potentialAction":[{"@type":"ReadAction","target":["https:\/\/www.davulciyan.com\/?page_id=122"]}]},{"@type":"BreadcrumbList","@id":"https:\/\/www.davulciyan.com\/?page_id=122#breadcrumb","itemListElement":[{"@type":"ListItem","position":1,"name":"Home","item":"https:\/\/www.davulciyan.com\/"},{"@type":"ListItem","position":2,"name":"\u0130LET\u0130S\u0130M"}]},{"@type":"WebSite","@id":"https:\/\/www.davulciyan.com\/#website","url":"https:\/\/www.davulciyan.com\/","name":"Harutyun Arto Davulciyan","description":"Ki\u015fisel Blog","potentialAction":[{"@type":"SearchAction","target":{"@type":"EntryPoint","urlTemplate":"https:\/\/www.davulciyan.com\/?s={search_term_string}"},"query-input":"required name=search_term_string"}],"inLanguage":"tr"}]}},"_links":{"self":[{"href":"https:\/\/www.davulciyan.com\/index.php?rest_route=\/wp\/v2\/pages\/122"}],"collection":[{"href":"https:\/\/www.davulciyan.com\/index.php?rest_route=\/wp\/v2\/pages"}],"about":[{"href":"https:\/\/www.davulciyan.com\/index.php?rest_route=\/wp\/v2\/types\/page"}],"author":[{"embeddable":true,"href":"https:\/\/www.davulciyan.com\/index.php?rest_route=\/wp\/v2\/users\/1"}],"replies":[{"embeddable":true,"href":"https:\/\/www.davulciyan.com\/index.php?rest_route=%2Fwp%2Fv2%2Fcomments&post=122"}],"version-history":[{"count":1,"href":"https:\/\/www.davulciyan.com\/index.php?rest_route=\/wp\/v2\/pages\/122\/revisions"}],"predecessor-version":[{"id":124,"href":"https:\/\/www.davulciyan.com\/index.php?rest_route=\/wp\/v2\/pages\/122\/revisions\/124"}],"wp:attachment":[{"href":"https:\/\/www.davulciyan.com\/index.php?rest_route=%2Fwp%2Fv2%2Fmedia&parent=122"}],"curies":[{"name":"wp","href":"https:\/\/api.w.org\/{rel}","templated":true}]}}